{"id":4827,"date":"2022-12-19T18:33:38","date_gmt":"2022-12-19T18:33:38","guid":{"rendered":"https:\/\/di.realhomes.io\/ultra\/?page_id=4827"},"modified":"2022-12-19T18:33:38","modified_gmt":"2022-12-19T18:33:38","slug":"faqs","status":"publish","type":"page","link":"https:\/\/demo.realhomes.io\/french\/faqs\/","title":{"rendered":"Foire aux questions"},"content":{"rendered":"\n            <div class=\"qae-faqs-container qae-faqs-toggle-container\">\n\t\t\t\t\t\t<div id=\"qaef-4833\" class=\"qe-faq-toggle faq-pour-les-agents\">\n\t\t\t<div class=\"qe-toggle-title\">\n\t\t\t\t<h4>\n\t\t\t\t\t<i class=\"fa fa-minus-circle\"><\/i> Quelle est la diff\u00e9rence entre un agent immobilier et un courtier immobilier ?\t\t\t\t<\/h4>\n\t\t\t<\/div>\n\t\t\t<div class=\"qe-toggle-content\">\n\t\t\t\t\n<p>La plupart des \u00c9tats exigent que les professionnels de l&rsquo;immobilier soient agr\u00e9\u00e9s par l&rsquo;\u00c9tat, ce qui permet de contr\u00f4ler les exigences en mati\u00e8re de formation et d&rsquo;exp\u00e9rience et de disposer d&rsquo;une autorit\u00e9 centrale pour r\u00e9soudre les probl\u00e8mes des consommateurs. La terminologie utilis\u00e9e pour d\u00e9signer les professionnels de l&rsquo;immobilier varie l\u00e9g\u00e8rement d&rsquo;un \u00c9tat \u00e0 l&rsquo;autre. Les courtiers doivent g\u00e9n\u00e9ralement poss\u00e9der une formation et une exp\u00e9rience plus pouss\u00e9es que les agents immobiliers. La personne avec laquelle vous traitez habituellement est un agent immobilier. L&rsquo;agent immobilier est agr\u00e9\u00e9 par l&rsquo;\u00c9tat, mais doit travailler pour un courtier. Toutes les annonces sont publi\u00e9es au nom du courtier, et non \u00e0 celui de l&rsquo;agent immobilier. Un courtier peut traiter directement avec les acheteurs et les vendeurs, ou employer une \u00e9quipe d&rsquo;agents immobiliers.<\/p>\n\t\t\t<\/div>\n\t\t<\/div>\n\t\t\t\t<div id=\"qaef-4832\" class=\"qe-faq-toggle faq-pour-les-agents\">\n\t\t\t<div class=\"qe-toggle-title\">\n\t\t\t\t<h4>\n\t\t\t\t\t<i class=\"fa fa-minus-circle\"><\/i> Pourquoi devrais-je faire appel \u00e0 un agent immobilier ?\t\t\t\t<\/h4>\n\t\t\t<\/div>\n\t\t\t<div class=\"qe-toggle-content\">\n\t\t\t\t\n<p>Un agent immobilier est bien plus qu&rsquo;un simple vendeur. Il agit en votre nom, vous conseillant et vous guidant tout au long de votre projet d&rsquo;achat ou de vente immobili\u00e8re. Bien qu&rsquo;il soit r\u00e9mun\u00e9r\u00e9 pour son travail, c&rsquo;est \u00e9galement le cas d&rsquo;autres professions qui offrent des conseils, un accompagnement et des services, comme les experts-comptables et les avocats.<\/p>\n\n\n\n<p>Internet a ouvert un monde d&rsquo;informations auparavant inaccessibles aux acheteurs et vendeurs. Les donn\u00e9es relatives aux biens disponibles \u00e0 la vente sont presque \u00e0 jour, mais pas tout \u00e0 fait. Il arrive que vous ayez besoin des informations les plus r\u00e9centes sur les ventes et les biens actuellement en vente, et le seul moyen de les obtenir est de faire appel \u00e0 un agent immobilier.<\/p>\n\n\n\n<p>Si vous vendez un bien, l&rsquo;inscription au Service Inter-Agences (SIA) vous permet de toucher un maximum d&rsquo;acheteurs. Seul un agent immobilier agr\u00e9\u00e9 et membre du SIA local peut vous y inscrire, ce qui vous assure une pr\u00e9sence automatique sur les principaux sites immobiliers. Si vous achetez ou vendez un bien, le SIA est le meilleur outil de votre agent.<\/p>\n\n\n\n<p>Cependant, le r\u00f4le d&rsquo;un agent immobilier a \u00e9volu\u00e9 ces derni\u00e8res ann\u00e9es. Autrefois, les agents \u00e9taient le seul moyen pour les acheteurs et les vendeurs d&rsquo;acc\u00e9der \u00e0 l&rsquo;information. Aujourd&rsquo;hui, leur r\u00f4le se transforme. Les acheteurs et les vendeurs \u00e9tant bien mieux inform\u00e9s qu&rsquo;auparavant, l&rsquo;expertise et les comp\u00e9tences deviennent primordiales.<\/p>\n\n\n\n<p>L&rsquo;agent immobilier se positionne davantage comme un guide que comme un simple vendeur&nbsp;: votre repr\u00e9sentant personnel pour l&rsquo;achat ou la vente d&rsquo;un bien immobilier.<\/p>\n\t\t\t<\/div>\n\t\t<\/div>\n\t\t\t\t<div id=\"qaef-4831\" class=\"qe-faq-toggle faq-pour-les-agents\">\n\t\t\t<div class=\"qe-toggle-title\">\n\t\t\t\t<h4>\n\t\t\t\t\t<i class=\"fa fa-minus-circle\"><\/i> J&rsquo;ai une amie de la famille qui est agent immobilier. Je l&rsquo;appr\u00e9cie et elle m&rsquo;est d&rsquo;une grande aide, mais le prix qu&rsquo;elle me propose pour vendre ma maison me semble trop bas. J&rsquo;ai donc contact\u00e9 un autre agent qui m&rsquo;a sugg\u00e9r\u00e9 un prix plus conforme \u00e0 mes attentes. Lequel choisir\u00a0?\t\t\t\t<\/h4>\n\t\t\t<\/div>\n\t\t\t<div class=\"qe-toggle-content\">\n\t\t\t\t\n<p>Il serait peut-\u00eatre judicieux de consulter d&rsquo;autres agents immobiliers concernant la valeur marchande de votre maison. La plupart des estimations devraient \u00eatre assez proches.<\/p>\n\n\n\n<p>Il se peut que votre amie soit plus honn\u00eate avec vous quant \u00e0 la valeur de votre maison et que l&rsquo;autre agent vous ait donn\u00e9 une estimation plus \u00e9lev\u00e9e car il savait que vous vous y attendiez. Cette pratique, appel\u00e9e \u00ab&nbsp;achat de mandat&nbsp;\u00bb, est abord\u00e9e dans un article de notre site web.<\/p>\n\n\n\n<p>Ou bien, il se peut tout simplement que votre amie soit une bonne amie, mais pas une agente immobili\u00e8re tr\u00e8s comp\u00e9tente.<\/p>\n\n\n\n<p>M\u00e9langer affaires et amiti\u00e9 est toujours risqu\u00e9 pour une amiti\u00e9. Par ailleurs, si votre amie est vraiment comp\u00e9tente et vous a donn\u00e9 de bons conseils, elle pourrait \u00eatre vex\u00e9e si vous les ignoriez et choisissiez un autre agent.<\/p>\n\t\t\t<\/div>\n\t\t<\/div>\n\t\t\t\t<div id=\"qaef-4830\" class=\"qe-faq-toggle choisir-un-bien-immobilier\">\n\t\t\t<div class=\"qe-toggle-title\">\n\t\t\t\t<h4>\n\t\t\t\t\t<i class=\"fa fa-minus-circle\"><\/i> Je dois choisir entre une maison r\u00e9nov\u00e9e dans un quartier ancien et une maison plus r\u00e9cente dans un quartier plus moderne. La maison du quartier ancien correspond presque \u00e0 mes attentes et est beaucoup plus grande, mais laquelle repr\u00e9sente le meilleur investissement\u00a0?\t\t\t\t<\/h4>\n\t\t\t<\/div>\n\t\t\t<div class=\"qe-toggle-content\">\n\t\t\t\t\n<p>Si votre objectif est d&rsquo;acheter une maison pour sa valeur de revente et que celle que vous envisagez d&rsquo;acqu\u00e9rir dans le vieux quartier se situe dans la fourchette haute des prix pratiqu\u00e9s, ce n&rsquo;est peut-\u00eatre pas le choix le plus judicieux. En revanche, si son prix est similaire ou inf\u00e9rieur \u00e0 celui des autres maisons, il ne devrait pas y avoir de probl\u00e8me, car le prix doit \u00eatre consid\u00e9r\u00e9 en fonction du quartier et non compar\u00e9 aux maisons d&rsquo;autres quartiers (dans la plupart des cas).<\/p>\n\n\n\n<p>De plus, s&rsquo;agit-il d&rsquo;un quartier en d\u00e9clin, ou bien d&rsquo;autres projets de r\u00e9novation sont-ils en cours, contribuant ainsi \u00e0 son am\u00e9lioration&nbsp;? Cela pourrait s&rsquo;av\u00e9rer une excellente affaire, \u00e0 condition de ne pas surpayer en raison des am\u00e9liorations r\u00e9centes.<\/p>\n\n\n\n<p>N&rsquo;oubliez pas que vous achetez aussi une maison pour la valeur qu&rsquo;elle repr\u00e9sente \u00e0 vos yeux en tant que \u00ab&nbsp;foyer&nbsp;\u00bb, et c&rsquo;est un autre aspect \u00e0 prendre en compte. Dans quel quartier vous et votre famille vous sentiriez-vous le plus \u00e0 l&rsquo;aise&nbsp;?<\/p>\n\t\t\t<\/div>\n\t\t<\/div>\n\t\t\t\t<div id=\"qaef-4829\" class=\"qe-faq-toggle choisir-un-bien-immobilier\">\n\t\t\t<div class=\"qe-toggle-title\">\n\t\t\t\t<h4>\n\t\t\t\t\t<i class=\"fa fa-minus-circle\"><\/i> Lors de l&rsquo;achat d&rsquo;une nouvelle maison, quelles am\u00e9liorations devrions-nous privil\u00e9gier\u00a0? Qu&rsquo;est-ce qui apporte le plus de valeur\u00a0? Devrions-nous agrandir le terrain\u00a0? Choisir une maison plus spacieuse\u00a0? Ajouter une chambre suppl\u00e9mentaire\u00a0? etc.\t\t\t\t<\/h4>\n\t\t\t<\/div>\n\t\t\t<div class=\"qe-toggle-content\">\n\t\t\t\t\n<p>Beaucoup d\u00e9pend de vos motivations d&rsquo;achat. S&rsquo;agit-il principalement d&rsquo;un logement ou d&rsquo;un investissement&nbsp;? La diff\u00e9rence est importante.<\/p>\n\n\n\n<p>En r\u00e8gle g\u00e9n\u00e9rale, les options sont tr\u00e8s rentables pour les constructeurs. Elles ne sont pas con\u00e7ues pour augmenter la valeur de la maison, mais pour am\u00e9liorer votre confort.<\/p>\n\n\n\n<p>Si vous envisagez votre achat comme un investissement, privil\u00e9giez les maisons de petite ou moyenne taille du lotissement et limitez vos d\u00e9penses en options. Si vous comptez y vivre, choisissez des am\u00e9liorations qui optimiseront votre confort.<\/p>\n\n\n\n<p>Un conseil&nbsp;: pensez toujours \u00e0 remplacer la moquette et le sous-tapis.<\/p>\n\t\t\t<\/div>\n\t\t<\/div>\n\t\t            <\/div>\n\t\t\n\n\n\n<p><\/p>\n","protected":false},"excerpt":{"rendered":"","protected":false},"author":4,"featured_media":0,"parent":0,"menu_order":0,"comment_status":"closed","ping_status":"closed","template":"","meta":{"footnotes":""},"class_list":["post-4827","page","type-page","status-publish","hentry"],"aioseo_notices":[],"_links":{"self":[{"href":"https:\/\/demo.realhomes.io\/french\/wp-json\/wp\/v2\/pages\/4827","targetHints":{"allow":["GET"]}}],"collection":[{"href":"https:\/\/demo.realhomes.io\/french\/wp-json\/wp\/v2\/pages"}],"about":[{"href":"https:\/\/demo.realhomes.io\/french\/wp-json\/wp\/v2\/types\/page"}],"author":[{"embeddable":true,"href":"https:\/\/demo.realhomes.io\/french\/wp-json\/wp\/v2\/users\/4"}],"replies":[{"embeddable":true,"href":"https:\/\/demo.realhomes.io\/french\/wp-json\/wp\/v2\/comments?post=4827"}],"version-history":[{"count":0,"href":"https:\/\/demo.realhomes.io\/french\/wp-json\/wp\/v2\/pages\/4827\/revisions"}],"wp:attachment":[{"href":"https:\/\/demo.realhomes.io\/french\/wp-json\/wp\/v2\/media?parent=4827"}],"curies":[{"name":"wp","href":"https:\/\/api.w.org\/{rel}","templated":true}]}}